{"id":50,"date":"2026-03-19T13:47:35","date_gmt":"2026-03-19T13:47:35","guid":{"rendered":"https:\/\/pawsandpours.es\/producto\/camiseta-de-diseno-minimalista\/"},"modified":"2026-04-16T08:00:16","modified_gmt":"2026-04-16T08:00:16","slug":"camiseta-de-diseno-minimalista","status":"publish","type":"product","link":"https:\/\/pawsandpours.es\/en\/product\/camiseta-de-diseno-minimalista\/","title":{"rendered":"CAMISETA PREMIUM 100% ALGOD\u00d3N ORGANICO WINE JACK RUSSELL"},"content":{"rendered":"<p><span style=\"font-weight: 400;\">Camiseta oversize unisex disponible en tres talla, color \u00fanico t<\/span><i><span style=\"font-weight: 400;\">aupe beige<\/span><\/i><span style=\"font-weight: 400;\">, hecha de algod\u00f3n org\u00e1nico con la imagen estampada de un perro de la raza Jack Russell Terrier y una copa de vino y un ordenador, con el logo de la marcador encima\u00a0<\/span><\/p>\n<p><span style=\"font-weight: 400;\">\u2192 <\/span><b>Dise\u00f1ado y fabricado en Espa\u00f1a<\/b><\/p>\n<p><span style=\"font-weight: 400;\">\u2192 Tejido: <\/span><b>algod\u00f3n org\u00e1nico<\/b><span style=\"font-weight: 400;\">, gramaje 180 gsm (grosor medio); hilado y peinado; tratamientos de suavizado y preencogido.<\/span><\/p>\n<p><span style=\"font-weight: 400;\">\u2192 Imagen estampado: aprox 10x10cm, colores negros y burdeos<\/span><\/p>\n<p><span style=\"font-weight: 400;\">\u2192 Cuello redondo canal\u00e9<\/span><\/p>\n<p><span style=\"font-weight: 400;\">\u2192 Fit oversize<\/span><\/p>\n<p><span style=\"font-weight: 400;\">\u2192 Largo de la prenda: largo<\/span><\/p>\n<p><span style=\"font-weight: 400;\">\u2192 Color principal de la prenda: <\/span><b>taupe beige<\/b><\/p>\n<p><span style=\"font-weight: 400;\">\u2192 Lleva <\/span><b>etiqueta de 100% algod\u00f3n org\u00e1nico<\/b><span style=\"font-weight: 400;\"> reciclado con el nombre de la marca fabricado en <\/span><b>Alemania<\/b><\/p>\n<p><br style=\"font-weight: 400;\" \/><br style=\"font-weight: 400;\" \/><\/p>","protected":false},"excerpt":{"rendered":"<p>Camiseta oversize unisex disponible en tres talla, color \u00fanico taupe beige, hecha de algod\u00f3n org\u00e1nico con la imagen estampada de un perro de la raza Jack Russell Terrier y una copa de vino y un ordenador, con el logo de la marcador encima\u00a0 \u2192 Dise\u00f1ado y fabricado en Espa\u00f1a \u2192 Tejido: algod\u00f3n org\u00e1nico, gramaje 180 [&hellip;]<\/p>\n","protected":false},"featured_media":104,"comment_status":"open","ping_status":"closed","template":"","meta":[],"product_brand":[],"product_cat":[22],"product_tag":[],"class_list":{"0":"post-50","1":"product","2":"type-product","3":"status-publish","4":"has-post-thumbnail","6":"product_cat-ropa","8":"first","9":"instock","10":"taxable","11":"shipping-taxable","12":"purchasable","13":"product-type-variable"},"jetpack_sharing_enabled":true,"_links":{"self":[{"href":"https:\/\/pawsandpours.es\/en\/wp-json\/wp\/v2\/product\/50","targetHints":{"allow":["GET"]}}],"collection":[{"href":"https:\/\/pawsandpours.es\/en\/wp-json\/wp\/v2\/product"}],"about":[{"href":"https:\/\/pawsandpours.es\/en\/wp-json\/wp\/v2\/types\/product"}],"replies":[{"embeddable":true,"href":"https:\/\/pawsandpours.es\/en\/wp-json\/wp\/v2\/comments?post=50"}],"wp:featuredmedia":[{"embeddable":true,"href":"https:\/\/pawsandpours.es\/en\/wp-json\/wp\/v2\/media\/104"}],"wp:attachment":[{"href":"https:\/\/pawsandpours.es\/en\/wp-json\/wp\/v2\/media?parent=50"}],"wp:term":[{"taxonomy":"product_brand","embeddable":true,"href":"https:\/\/pawsandpours.es\/en\/wp-json\/wp\/v2\/product_brand?post=50"},{"taxonomy":"product_cat","embeddable":true,"href":"https:\/\/pawsandpours.es\/en\/wp-json\/wp\/v2\/product_cat?post=50"},{"taxonomy":"product_tag","embeddable":true,"href":"https:\/\/pawsandpours.es\/en\/wp-json\/wp\/v2\/product_tag?post=50"}],"curies":[{"name":"wp","href":"https:\/\/api.w.org\/{rel}","templated":true}]}}