{"id":49,"date":"2026-03-19T13:47:35","date_gmt":"2026-03-19T13:47:35","guid":{"rendered":"https:\/\/pawsandpours.es\/producto\/sombrero-de-diseno-clasico\/"},"modified":"2026-04-09T13:45:31","modified_gmt":"2026-04-09T13:45:31","slug":"sombrero-de-diseno-clasico","status":"publish","type":"product","link":"https:\/\/pawsandpours.es\/en\/product\/sombrero-de-diseno-clasico\/","title":{"rendered":"CAMISETA PREMIUM 100% ALGOD\u00d3N ORGANICO WINE LABRADOR"},"content":{"rendered":"<p><span style=\"font-weight: 400;\">Camiseta oversize unisex disponible en tres tallas, color \u00fanico t<\/span><i><span style=\"font-weight: 400;\">aupe beige<\/span><\/i><span style=\"font-weight: 400;\">, hecha con algod\u00f3n org\u00e1nico, lleva un imagen estampado de un perro raza labrador, una copa de vino y un ordenador, con el logo de la marca encima\u00a0<\/span><\/p>\n<p><span style=\"font-weight: 400;\">\u2192 <\/span><b>Dise\u00f1ado y fabricado en Espa\u00f1a<\/b><\/p>\n<p><span style=\"font-weight: 400;\">\u2192 Tejido: <\/span><b>algod\u00f3n org\u00e1nico<\/b><span style=\"font-weight: 400;\">, gramaje 180 gsm (Grosor medio); hilado y peinado; tratamientos de suavizado y preencogido.<\/span><\/p>\n<p><span style=\"font-weight: 400;\">\u2192 Imagen estampado: aprox 10x10cm, colores negros y burdeos<\/span><\/p>\n<p><span style=\"font-weight: 400;\">\u2192 Cuello redondo<\/span><span style=\"font-weight: 400;\"><br \/>\n<\/span><span style=\"font-weight: 400;\">\u2192 Fit oversize<\/span><\/p>\n<p><span style=\"font-weight: 400;\">\u2192 Largo de la prenda: largo<\/span><\/p>\n<p><span style=\"font-weight: 400;\">\u2192 Color principal de la prenda: <\/span><b>taupe beige<\/b><\/p>\n<p><span style=\"font-weight: 400;\">\u2192 Lleva <\/span><b>etiqueta de 100% algod\u00f3n org\u00e1nico<\/b><span style=\"font-weight: 400;\"> reciclado con el nombre de la marca fabricado en <\/span><b>Alemania<\/b><\/p>\n<p>&nbsp;<\/p>","protected":false},"excerpt":{"rendered":"<p>Camiseta oversize unisex disponible en tres tallas, color \u00fanico taupe beige, hecha con algod\u00f3n org\u00e1nico, lleva un imagen estampado de un perro raza labrador, una copa de vino y un ordenador, con el logo de la marca encima\u00a0 \u2192 Dise\u00f1ado y fabricado en Espa\u00f1a \u2192 Tejido: algod\u00f3n org\u00e1nico, gramaje 180 gsm (Grosor medio); hilado y [&hellip;]<\/p>\n","protected":false},"featured_media":103,"comment_status":"open","ping_status":"closed","template":"","meta":[],"product_brand":[],"product_cat":[22],"product_tag":[],"class_list":{"0":"post-49","1":"product","2":"type-product","3":"status-publish","4":"has-post-thumbnail","6":"product_cat-ropa","8":"first","9":"instock","10":"purchasable","11":"product-type-simple"},"jetpack_sharing_enabled":true,"_links":{"self":[{"href":"https:\/\/pawsandpours.es\/en\/wp-json\/wp\/v2\/product\/49","targetHints":{"allow":["GET"]}}],"collection":[{"href":"https:\/\/pawsandpours.es\/en\/wp-json\/wp\/v2\/product"}],"about":[{"href":"https:\/\/pawsandpours.es\/en\/wp-json\/wp\/v2\/types\/product"}],"replies":[{"embeddable":true,"href":"https:\/\/pawsandpours.es\/en\/wp-json\/wp\/v2\/comments?post=49"}],"wp:featuredmedia":[{"embeddable":true,"href":"https:\/\/pawsandpours.es\/en\/wp-json\/wp\/v2\/media\/103"}],"wp:attachment":[{"href":"https:\/\/pawsandpours.es\/en\/wp-json\/wp\/v2\/media?parent=49"}],"wp:term":[{"taxonomy":"product_brand","embeddable":true,"href":"https:\/\/pawsandpours.es\/en\/wp-json\/wp\/v2\/product_brand?post=49"},{"taxonomy":"product_cat","embeddable":true,"href":"https:\/\/pawsandpours.es\/en\/wp-json\/wp\/v2\/product_cat?post=49"},{"taxonomy":"product_tag","embeddable":true,"href":"https:\/\/pawsandpours.es\/en\/wp-json\/wp\/v2\/product_tag?post=49"}],"curies":[{"name":"wp","href":"https:\/\/api.w.org\/{rel}","templated":true}]}}