{"id":48,"date":"2026-03-19T13:47:35","date_gmt":"2026-03-19T13:47:35","guid":{"rendered":"https:\/\/pawsandpours.es\/producto\/bolso-de-mano-elegante\/"},"modified":"2026-04-16T08:16:34","modified_gmt":"2026-04-16T08:16:34","slug":"bolso-de-mano-elegante","status":"publish","type":"product","link":"https:\/\/pawsandpours.es\/en\/product\/bolso-de-mano-elegante\/","title":{"rendered":"CAMISETA PREMIUM 100% ALGOD\u00d3N ORGANICO PREMIUM WINE PUPPY"},"content":{"rendered":"<p><span style=\"font-weight: 400;\">Camiseta oversize unisex disponible en tres tallas, color \u00fanico t<\/span><i><span style=\"font-weight: 400;\">aupe beige<\/span><\/i><span style=\"font-weight: 400;\">, hecha de algod\u00f3n org\u00e1nico con una imagen estampada de un perro cachorro dormido, una copa de vino y un ordenador, con el logo de la marca por encima\u00a0<\/span><\/p>\n<p><span style=\"font-weight: 400;\">\u2192 <\/span><b>Dise\u00f1ado y fabricado en Espa\u00f1a<\/b><\/p>\n<p><span style=\"font-weight: 400;\">\u2192 Tejido: <\/span><b>algod\u00f3n org\u00e1nico<\/b><span style=\"font-weight: 400;\">, gramaje 180 gsm (Grosor medio); hilado y peinado; tratamientos de suavizado y preencogido.<\/span><\/p>\n<p><span style=\"font-weight: 400;\">\u2192 Imagen estampado: aprox 10x10cm, colores negros y burdeos<\/span><\/p>\n<p><span style=\"font-weight: 400;\">\u2192 Cuello redondo<\/span><\/p>\n<p><span style=\"font-weight: 400;\">\u2192 Fit oversize<\/span><\/p>\n<p><span style=\"font-weight: 400;\">\u2192 Largo de la prenda: largo<\/span><\/p>\n<p><span style=\"font-weight: 400;\">\u2192 Color principal de la prenda: <\/span><b>taupe beige<\/b><\/p>\n<p><span style=\"font-weight: 400;\">\u2192 Lleva <\/span><b>etiqueta de 100% algod\u00f3n org\u00e1nico<\/b><span style=\"font-weight: 400;\"> reciclado con el nombre de la marca fabricado en <\/span><b>Alemania<\/b><\/p>\n<p><br style=\"font-weight: 400;\" \/><br style=\"font-weight: 400;\" \/><\/p>","protected":false},"excerpt":{"rendered":"<p>Camiseta oversize unisex disponible en tres tallas, color \u00fanico taupe beige, hecha de algod\u00f3n org\u00e1nico con una imagen estampada de un perro cachorro dormido, una copa de vino y un ordenador, con el logo de la marca por encima\u00a0 \u2192 Dise\u00f1ado y fabricado en Espa\u00f1a \u2192 Tejido: algod\u00f3n org\u00e1nico, gramaje 180 gsm (Grosor medio); hilado [&hellip;]<\/p>\n","protected":false},"featured_media":119,"comment_status":"open","ping_status":"closed","template":"","meta":[],"product_brand":[],"product_cat":[22],"product_tag":[],"class_list":{"0":"post-48","1":"product","2":"type-product","3":"status-publish","4":"has-post-thumbnail","6":"product_cat-ropa","8":"first","9":"instock","10":"taxable","11":"shipping-taxable","12":"purchasable","13":"product-type-variable"},"jetpack_sharing_enabled":true,"_links":{"self":[{"href":"https:\/\/pawsandpours.es\/en\/wp-json\/wp\/v2\/product\/48","targetHints":{"allow":["GET"]}}],"collection":[{"href":"https:\/\/pawsandpours.es\/en\/wp-json\/wp\/v2\/product"}],"about":[{"href":"https:\/\/pawsandpours.es\/en\/wp-json\/wp\/v2\/types\/product"}],"replies":[{"embeddable":true,"href":"https:\/\/pawsandpours.es\/en\/wp-json\/wp\/v2\/comments?post=48"}],"wp:featuredmedia":[{"embeddable":true,"href":"https:\/\/pawsandpours.es\/en\/wp-json\/wp\/v2\/media\/119"}],"wp:attachment":[{"href":"https:\/\/pawsandpours.es\/en\/wp-json\/wp\/v2\/media?parent=48"}],"wp:term":[{"taxonomy":"product_brand","embeddable":true,"href":"https:\/\/pawsandpours.es\/en\/wp-json\/wp\/v2\/product_brand?post=48"},{"taxonomy":"product_cat","embeddable":true,"href":"https:\/\/pawsandpours.es\/en\/wp-json\/wp\/v2\/product_cat?post=48"},{"taxonomy":"product_tag","embeddable":true,"href":"https:\/\/pawsandpours.es\/en\/wp-json\/wp\/v2\/product_tag?post=48"}],"curies":[{"name":"wp","href":"https:\/\/api.w.org\/{rel}","templated":true}]}}