{"id":46,"date":"2026-03-19T13:47:35","date_gmt":"2026-03-19T13:47:35","guid":{"rendered":"https:\/\/pawsandpours.es\/producto\/set-de-accesorios-para-vino\/"},"modified":"2026-04-09T13:38:23","modified_gmt":"2026-04-09T13:38:23","slug":"set-de-accesorios-para-vino","status":"publish","type":"product","link":"https:\/\/pawsandpours.es\/en\/product\/set-de-accesorios-para-vino\/","title":{"rendered":"BOLSO SHOPPER &#8220;MADE IN FRANCE&#8221; PREMIUM GALGO GIRL 100% RECICLADO NEGRO"},"content":{"rendered":"<p><b>Shopper hecho en EU, precisamente Francia, y confeccionada con materiales 100% reciclados.<\/b><\/p>\n<p><span style=\"font-weight: 400;\">\u2192Estampado y dise\u00f1ado en Espa\u00f1a, confeccionado en Francia<\/span><\/p>\n<p><span style=\"font-weight: 400;\">\u219259% poli\u00e9ster reciclado \/ 41% algod\u00f3n reciclado<\/span><\/p>\n<p><span style=\"font-weight: 400;\">\u2192190 g\/m\u00b2<\/span><\/p>\n<p><span style=\"font-weight: 400;\">\u2192Fuelle en el fondo para conseguir una posici\u00f3n estable y facilitar la colocaci\u00f3n de productos grandes y peque\u00f1os.<\/span><\/p>\n<p><span style=\"font-weight: 400;\">\u2192Medidas:<\/span> <span style=\"font-weight: 400;\">38 x 42cm<\/span><\/p>\n<p><span style=\"font-weight: 400;\">\u2192Capacidad: 28 l<\/span><\/p>\n<p><span style=\"font-weight: 400;\">Seg\u00fan datos de la Fundaci\u00f3n Affinity, en 2024 <\/span><b>se abandonaron casi 300.000 mascotas en Espa\u00f1a<\/b><span style=\"font-weight: 400;\">, la mitad de ellas <\/span><b>perros<\/b><span style=\"font-weight: 400;\"> \u2014 en su mayor\u00eda <\/span><b>mestizos o razas de caza como podencos, galgos o bodegueros<\/b><span style=\"font-weight: 400;\">.\u00a0<\/span><\/p>\n<p><span style=\"font-weight: 400;\">Esta cifra equivale <\/span><b>a 800 animales al d\u00eda, o 33 cada hora<\/b><span style=\"font-weight: 400;\">, y solo incluye a los que lograron ser rescatados.\u00a0<\/span><\/p>\n<p><span style=\"font-weight: 400;\">Por eso, <\/span><b>donamos 1 \u20ac de cada venta<\/b><span style=\"font-weight: 400;\"> a organizaciones que ayudan a estos seres indefensos.<\/span><\/p>","protected":false},"excerpt":{"rendered":"<p>Shopper hecho en EU, precisamente Francia, y confeccionada con materiales 100% reciclados. \u2192Estampado y dise\u00f1ado en Espa\u00f1a, confeccionado en Francia \u219259% poli\u00e9ster reciclado \/ 41% algod\u00f3n reciclado \u2192190 g\/m\u00b2 \u2192Fuelle en el fondo para conseguir una posici\u00f3n estable y facilitar la colocaci\u00f3n de productos grandes y peque\u00f1os. \u2192Medidas: 38 x 42cm \u2192Capacidad: 28 l Seg\u00fan [&hellip;]<\/p>\n","protected":false},"featured_media":125,"comment_status":"open","ping_status":"closed","template":"","meta":[],"product_brand":[],"product_cat":[20],"product_tag":[],"class_list":{"0":"post-46","1":"product","2":"type-product","3":"status-publish","4":"has-post-thumbnail","6":"product_cat-bolsos","8":"first","9":"instock","10":"taxable","11":"shipping-taxable","12":"purchasable","13":"product-type-simple"},"jetpack_sharing_enabled":true,"_links":{"self":[{"href":"https:\/\/pawsandpours.es\/en\/wp-json\/wp\/v2\/product\/46","targetHints":{"allow":["GET"]}}],"collection":[{"href":"https:\/\/pawsandpours.es\/en\/wp-json\/wp\/v2\/product"}],"about":[{"href":"https:\/\/pawsandpours.es\/en\/wp-json\/wp\/v2\/types\/product"}],"replies":[{"embeddable":true,"href":"https:\/\/pawsandpours.es\/en\/wp-json\/wp\/v2\/comments?post=46"}],"wp:featuredmedia":[{"embeddable":true,"href":"https:\/\/pawsandpours.es\/en\/wp-json\/wp\/v2\/media\/125"}],"wp:attachment":[{"href":"https:\/\/pawsandpours.es\/en\/wp-json\/wp\/v2\/media?parent=46"}],"wp:term":[{"taxonomy":"product_brand","embeddable":true,"href":"https:\/\/pawsandpours.es\/en\/wp-json\/wp\/v2\/product_brand?post=46"},{"taxonomy":"product_cat","embeddable":true,"href":"https:\/\/pawsandpours.es\/en\/wp-json\/wp\/v2\/product_cat?post=46"},{"taxonomy":"product_tag","embeddable":true,"href":"https:\/\/pawsandpours.es\/en\/wp-json\/wp\/v2\/product_tag?post=46"}],"curies":[{"name":"wp","href":"https:\/\/api.w.org\/{rel}","templated":true}]}}