{"id":44,"date":"2026-03-19T13:47:34","date_gmt":"2026-03-19T13:47:34","guid":{"rendered":"https:\/\/pawsandpours.es\/producto\/camiseta-basica-de-algodon\/"},"modified":"2026-04-09T13:52:05","modified_gmt":"2026-04-09T13:52:05","slug":"camiseta-basica-de-algodon","status":"publish","type":"product","link":"https:\/\/pawsandpours.es\/en\/product\/camiseta-basica-de-algodon\/","title":{"rendered":"BOLSA PAN 100% ALGOD\u00d3N ORGANICO PERRO SALCHICHA WINE"},"content":{"rendered":"<ul>\n<li style=\"font-weight: 400;\" aria-level=\"1\"><span style=\"font-weight: 400;\">150 g\/m\u00b2<\/span><\/li>\n<li style=\"font-weight: 400;\" aria-level=\"1\"><span style=\"font-weight: 400;\">100 % Algod\u00f3n org\u00e1nico<\/span><\/li>\n<li style=\"font-weight: 400;\" aria-level=\"1\"><span style=\"font-weight: 400;\">Cierre corredizo con cord\u00f3n, r\u00e1pido, seguro y pr\u00e1ctico.<\/span><\/li>\n<li style=\"font-weight: 400;\" aria-level=\"1\"><span style=\"font-weight: 400;\">Dimensiones: 15 cm x 70 cm<\/span><\/li>\n<li style=\"font-weight: 400;\" aria-level=\"1\"><span style=\"font-weight: 400;\">Capacidad: 3 litros<\/span><\/li>\n<\/ul>\n<p><span style=\"font-weight: 400;\">Seg\u00fan datos de la Fundaci\u00f3n Affinity, en 2024 <\/span><b>se abandonaron casi 300.000 mascotas en Espa\u00f1a<\/b><span style=\"font-weight: 400;\">, la mitad de ellas <\/span><b>perros<\/b><span style=\"font-weight: 400;\"> \u2014 en su mayor\u00eda <\/span><b>mestizos o razas de caza como podencos, galgos o bodegueros<\/b><span style=\"font-weight: 400;\">.\u00a0<\/span><\/p>\n<p><span style=\"font-weight: 400;\">Esta cifra equivale <\/span><b>a 800 animales al d\u00eda, o 33 cada hora<\/b><span style=\"font-weight: 400;\">, y solo incluye a los que lograron ser rescatados.\u00a0<\/span><\/p>\n<p><span style=\"font-weight: 400;\">Por eso, <\/span><b>donamos 1 \u20ac de cada venta<\/b><span style=\"font-weight: 400;\"> a organizaciones que ayudan a estos seres indefensos.<\/span><\/p>\n<p>&nbsp;<\/p>","protected":false},"excerpt":{"rendered":"<p>150 g\/m\u00b2 100 % Algod\u00f3n org\u00e1nico Cierre corredizo con cord\u00f3n, r\u00e1pido, seguro y pr\u00e1ctico. Dimensiones: 15 cm x 70 cm Capacidad: 3 litros Seg\u00fan datos de la Fundaci\u00f3n Affinity, en 2024 se abandonaron casi 300.000 mascotas en Espa\u00f1a, la mitad de ellas perros \u2014 en su mayor\u00eda mestizos o razas de caza como podencos, galgos [&hellip;]<\/p>\n","protected":false},"featured_media":137,"comment_status":"open","ping_status":"closed","template":"","meta":[],"product_brand":[],"product_cat":[20],"product_tag":[],"class_list":{"0":"post-44","1":"product","2":"type-product","3":"status-publish","4":"has-post-thumbnail","6":"product_cat-bolsos","8":"first","9":"instock","10":"taxable","11":"shipping-taxable","12":"purchasable","13":"product-type-simple"},"jetpack_sharing_enabled":true,"_links":{"self":[{"href":"https:\/\/pawsandpours.es\/en\/wp-json\/wp\/v2\/product\/44","targetHints":{"allow":["GET"]}}],"collection":[{"href":"https:\/\/pawsandpours.es\/en\/wp-json\/wp\/v2\/product"}],"about":[{"href":"https:\/\/pawsandpours.es\/en\/wp-json\/wp\/v2\/types\/product"}],"replies":[{"embeddable":true,"href":"https:\/\/pawsandpours.es\/en\/wp-json\/wp\/v2\/comments?post=44"}],"wp:featuredmedia":[{"embeddable":true,"href":"https:\/\/pawsandpours.es\/en\/wp-json\/wp\/v2\/media\/137"}],"wp:attachment":[{"href":"https:\/\/pawsandpours.es\/en\/wp-json\/wp\/v2\/media?parent=44"}],"wp:term":[{"taxonomy":"product_brand","embeddable":true,"href":"https:\/\/pawsandpours.es\/en\/wp-json\/wp\/v2\/product_brand?post=44"},{"taxonomy":"product_cat","embeddable":true,"href":"https:\/\/pawsandpours.es\/en\/wp-json\/wp\/v2\/product_cat?post=44"},{"taxonomy":"product_tag","embeddable":true,"href":"https:\/\/pawsandpours.es\/en\/wp-json\/wp\/v2\/product_tag?post=44"}],"curies":[{"name":"wp","href":"https:\/\/api.w.org\/{rel}","templated":true}]}}