{"id":30,"date":"2026-03-19T13:46:56","date_gmt":"2026-03-19T13:46:56","guid":{"rendered":"https:\/\/pawsandpours.es\/inicio\/"},"modified":"2026-04-14T08:02:13","modified_gmt":"2026-04-14T08:02:13","slug":"inicio","status":"publish","type":"page","link":"https:\/\/pawsandpours.es\/en\/","title":{"rendered":"Inicio"},"content":{"rendered":"<div class=\"wp-block-group alignfull ext-hero-section is-style-ext-preset--group--natural-1--section has-background-background-color has-background has-global-padding is-layout-constrained wp-container-core-group-is-layout-e96f6837 wp-block-group-is-layout-constrained\" style=\"margin-top:0;margin-bottom:0;padding-top:0;padding-right:0;padding-bottom:0;padding-left:0\">\n<div class=\"wp-block-cover alignfull is-light is-style-default\" style=\"padding-top:var(--wp--preset--spacing--70);padding-right:var(--wp--preset--spacing--30);padding-bottom:var(--wp--preset--spacing--70);padding-left:var(--wp--preset--spacing--30);min-height:880px;aspect-ratio:unset;\"><img loading=\"lazy\" decoding=\"async\" width=\"576\" height=\"1024\" class=\"wp-block-cover__image-background wp-image-92 size-large\" alt=\"\" src=\"https:\/\/pawsandpours.es\/wp-content\/uploads\/2026\/03\/LOGO-REELS-02-576x1024.png\" data-object-fit=\"cover\" srcset=\"https:\/\/pawsandpours.es\/wp-content\/uploads\/2026\/03\/LOGO-REELS-02-576x1024.png 576w, https:\/\/pawsandpours.es\/wp-content\/uploads\/2026\/03\/LOGO-REELS-02-600x1067.png 600w, https:\/\/pawsandpours.es\/wp-content\/uploads\/2026\/03\/LOGO-REELS-02-169x300.png 169w, https:\/\/pawsandpours.es\/wp-content\/uploads\/2026\/03\/LOGO-REELS-02-768x1365.png 768w, https:\/\/pawsandpours.es\/wp-content\/uploads\/2026\/03\/LOGO-REELS-02-864x1536.png 864w, https:\/\/pawsandpours.es\/wp-content\/uploads\/2026\/03\/LOGO-REELS-02-7x12.png 7w\" sizes=\"auto, (max-width: 576px) 100vw, 576px\" \/><span aria-hidden=\"true\" class=\"wp-block-cover__background has-background-dim-0 has-background-dim\" style=\"background-color:#010101\"><\/span><div class=\"wp-block-cover__inner-container has-global-padding is-layout-constrained wp-container-core-cover-is-layout-01ff2e39 wp-block-cover-is-layout-constrained\">\n<div class=\"wp-block-group alignwide is-style-ext-preset--group--natural-1--item-card-1--align-start has-foreground-color has-background-background-color has-text-color has-background has-link-color wp-elements-ab57975d9f7a976a55faaea0ea363f89 has-global-padding is-layout-constrained wp-block-group-is-layout-constrained is-style-ext-preset--group--natural-1--item-card-1--align-start--2\" style=\"padding-top:0;padding-bottom:0\">\n<div class=\"wp-block-group alignwide is-style-default has-background-background-color has-background is-vertical is-content-justification-center is-layout-flex wp-container-core-group-is-layout-8c83b79f wp-block-group-is-layout-flex\" style=\"padding-top:var(--wp--preset--spacing--50);padding-right:var(--wp--preset--spacing--50);padding-bottom:var(--wp--preset--spacing--50);padding-left:var(--wp--preset--spacing--50)\">\n<h1 class=\"wp-block-heading has-text-align-center ext-animate--on has-xx-large-font-size\">estilo &amp; calidad premium <br>para amantes de perros y vino<\/h1>\n\n\n\n<p class=\"has-text-align-center ext-animate--on has-foreground-alt-color has-text-color has-link-color wp-elements-1b0707a179596a8497543ee820d185a1\" style=\"margin-top:24px;font-size:clamp(14px, 0.875rem + ((1vw - 3.2px) * 0.417), 18px);\">descubre nuestra colecci\u00f3n exclusiva &#8220;<em>made in Spain<\/em>&#8220;, <br>para quienes comparten la pasi\u00f3n por los perros y el buen vino<\/p>\n\n\n\n<p class=\"ext-animate--on\"><em><strong>1 \u20ac de cada compra donamos a las protectoras en colaboraci\u00f3n<\/strong><\/em><\/p>\n\n\n\n<div class=\"wp-block-buttons ext-animate--on is-layout-flex wp-block-buttons-is-layout-flex\" style=\"margin-top:var(--wp--preset--spacing--30)\">\n<div class=\"wp-block-button is-style-ext-preset--button--natural-1--button-1 is-style-ext-preset--button--natural-1--button-1--3\"><a class=\"wp-block-button__link wp-element-button\" href=\"https:\/\/pawsandpours.es\/en\/tienda\/\">Check<\/a><\/div>\n<\/div>\n<\/div>\n<\/div>\n<\/div><\/div>\n<\/div>\n\n\n\n<div class=\"wp-block-group alignfull is-style-ext-preset--group--natural-1--section has-tertiary-background-color has-background has-global-padding is-layout-constrained wp-container-core-group-is-layout-e955bbaf wp-block-group-is-layout-constrained\" id=\"products\" style=\"margin-top:0;margin-bottom:0;padding-top:var(--wp--preset--spacing--70);padding-bottom:var(--wp--preset--spacing--70)\">\n<div class=\"wp-block-columns alignwide is-layout-flex wp-container-core-columns-is-layout-f5a44f5b wp-block-columns-is-layout-flex\">\n<div class=\"wp-block-column is-layout-flow wp-block-column-is-layout-flow\" style=\"flex-basis:75%\">\n<h2 class=\"wp-block-heading has-text-align-left ext-animate--on\">camisetas &amp; bolsos de algod\u00f3n org\u00e1nico, ediciones limitadas <\/h2>\n<\/div>\n\n\n\n<div class=\"wp-block-column is-layout-flow wp-block-column-is-layout-flow\">\n<div class=\"wp-block-buttons is-layout-flex wp-block-buttons-is-layout-flex\">\n<div class=\"wp-block-button is-style-ext-preset--button--natural-1--button-1 is-style-ext-preset--button--natural-1--button-1--5\"><a class=\"wp-block-button__link has-small-font-size has-custom-font-size wp-element-button\" href=\"https:\/\/pawsandpours.es\/en\/tienda\/\">Explora<\/a><\/div>\n<\/div>\n<\/div>\n<\/div>\n\n\n<\/div>\n\n\n\n<div class=\"wp-block-group alignfull is-style-ext-preset--group--natural-1--section has-background-background-color has-background has-global-padding is-layout-constrained wp-block-group-is-layout-constrained\" style=\"margin-top:0;margin-bottom:0;padding-top:var(--wp--preset--spacing--70);padding-bottom:var(--wp--preset--spacing--70)\">\n<div class=\"wp-block-columns alignwide are-vertically-aligned-center is-layout-flex wp-container-core-columns-is-layout-174606dc wp-block-columns-is-layout-flex\">\n<div class=\"wp-block-column is-vertically-aligned-center is-layout-flow wp-block-column-is-layout-flow\">\n<figure class=\"wp-block-image size-large ext-animate--on wp-duotone-primary-foreground\"><img decoding=\"async\" src=\"data:image\/svg+xml;base64,PHN2ZyB4bWxucz0iaHR0cDovL3d3dy53My5vcmcvMjAwMC9zdmciIHdpZHRoPSI2NCIgaGVpZ2h0PSI2NCIgZmlsbD0iIzAwMDAwMCIgdmlld0JveD0iMCAwIDI1NiAyNTYiPjxwYXRoIGQ9Ik0xMTEuNDksNTIuNjNhMTUuOCwxNS44LDAsMCwwLTI2LDUuNzdMMzMsMjAyLjc4QTE1LjgzLDE1LjgzLDAsMCwwLDQ3Ljc2LDIyNGExNiwxNiwwLDAsMCw1LjQ2LTFsMTQ0LjM3LTUyLjVhMTUuOCwxNS44LDAsMCwwLDUuNzgtMjZabS04LjMzLDEzNS4yMS0zNS0zNSwxMy4xNi0zNi4yMSw1OC4wNSw1OC4wNVptLTU1LDIwLDE0LTM4LjQxLDI0LjQ1LDI0LjQ1Wk0xNTYsMTY4LjY0LDg3LjM2LDEwMGwxMy0zNS44Nyw5MS40Myw5MS40M1pNMTYwLDcyYTM3LjgsMzcuOCwwLDAsMSwzLjg0LTE1LjU4QzE2OS4xNCw0NS44MywxNzkuMTQsNDAsMTkyLDQwYzYuNywwLDExLTIuMjksMTMuNjUtNy4yMUEyMiwyMiwwLDAsMCwyMDgsMjMuOTQsOCw4LDAsMCwxLDIyNCwyNGMwLDEyLjg2LTguNTIsMzItMzIsMzItNi43LDAtMTEsMi4yOS0xMy42NSw3LjIxQTIyLDIyLDAsMCwwLDE3Niw3Mi4wNiw4LDgsMCwwLDEsMTYwLDcyWk0xMzYsNDBWMTZhOCw4LDAsMCwxLDE2LDBWNDBhOCw4LDAsMCwxLTE2LDBabTEwMS42Niw4Mi4zNGE4LDgsMCwxLDEtMTEuMzIsMTEuMzFsLTE2LTE2YTgsOCwwLDAsMSwxMS4zMi0xMS4zMlptNC44Ny00Mi43NS0yNCw4YTgsOCwwLDAsMS01LjA2LTE1LjE4bDI0LThhOCw4LDAsMCwxLDUuMDYsMTUuMThaIj48L3BhdGg+PC9zdmc+\" alt=\"\"\/><\/figure>\n\n\n\n<h2 class=\"wp-block-heading ext-animate--on\">catas con perros <br>&amp; vinos en exclusivo solos para miembros de la comunidad<\/h2>\n\n\n\n<p class=\"ext-animate--on\" style=\"margin-top:1.5rem\">eventos \u00fanicos para los socios <br>de <em>Paws&amp;Pours Club<\/em><\/p>\n\n\n\n<div class=\"wp-block-buttons ext-animate--on is-layout-flex wp-block-buttons-is-layout-flex\">\n<div class=\"wp-block-button is-style-ext-preset--button--natural-1--button-1 is-style-ext-preset--button--natural-1--button-1--10\"><a class=\"wp-block-button__link wp-element-button\" href=\"https:\/\/pawsandpours.es\/en\/product-category\/eventos\/\">\u00danete<\/a><\/div>\n<\/div>\n<\/div>\n\n\n\n<div class=\"wp-block-column is-vertically-aligned-center ext-animate--on is-layout-flow wp-block-column-is-layout-flow\">\n<figure class=\"wp-block-image is-style-ext-preset--image--natural-1--image-1--content-left is-style-ext-preset--image--natural-1--image-1--content-left--11\"><img loading=\"lazy\" decoding=\"async\" width=\"1440\" height=\"960\" src=\"https:\/\/pawsandpours.es\/wp-content\/uploads\/2026\/03\/82ea589e6b1b665c2c6c9f87d6210ff5fa702509.jpg\" alt=\"\" class=\"wp-image-78\" style=\"aspect-ratio:4\/3;object-fit:cover\" srcset=\"https:\/\/pawsandpours.es\/wp-content\/uploads\/2026\/03\/82ea589e6b1b665c2c6c9f87d6210ff5fa702509.jpg 1440w, https:\/\/pawsandpours.es\/wp-content\/uploads\/2026\/03\/82ea589e6b1b665c2c6c9f87d6210ff5fa702509-600x400.jpg 600w, https:\/\/pawsandpours.es\/wp-content\/uploads\/2026\/03\/82ea589e6b1b665c2c6c9f87d6210ff5fa702509-300x200.jpg 300w, https:\/\/pawsandpours.es\/wp-content\/uploads\/2026\/03\/82ea589e6b1b665c2c6c9f87d6210ff5fa702509-1024x683.jpg 1024w, https:\/\/pawsandpours.es\/wp-content\/uploads\/2026\/03\/82ea589e6b1b665c2c6c9f87d6210ff5fa702509-768x512.jpg 768w, https:\/\/pawsandpours.es\/wp-content\/uploads\/2026\/03\/82ea589e6b1b665c2c6c9f87d6210ff5fa702509-18x12.jpg 18w\" sizes=\"auto, (max-width: 1440px) 100vw, 1440px\" \/><\/figure>\n<\/div>\n<\/div>\n<\/div>\n\n\n\n<div class=\"wp-block-group alignfull is-style-ext-preset--group--natural-1--section ext-animate--off has-tertiary-background-color has-background has-global-padding is-layout-constrained wp-block-group-is-layout-constrained\" id=\"contact\" style=\"margin-top:0;margin-bottom:0;padding-top:var(--wp--preset--spacing--70);padding-bottom:var(--wp--preset--spacing--70)\">\n<div class=\"wp-block-media-text alignwide is-stacked-on-mobile is-image-fill-element is-style-ext-preset--media-text--natural-1--card-1 ext-animate--on has-background-background-color has-background is-style-ext-preset--media-text--natural-1--card-1--13\" style=\"grid-template-columns:48% auto\"><figure class=\"wp-block-media-text__media\"><img loading=\"lazy\" decoding=\"async\" width=\"1440\" height=\"960\" src=\"https:\/\/pawsandpours.es\/wp-content\/uploads\/2026\/03\/3613d09ac48e2e41c8d0c63477faf977a1fd99b1.jpg\" alt=\"\" class=\"wp-image-79 size-full\" style=\"object-position:50% 50%\" srcset=\"https:\/\/pawsandpours.es\/wp-content\/uploads\/2026\/03\/3613d09ac48e2e41c8d0c63477faf977a1fd99b1.jpg 1440w, https:\/\/pawsandpours.es\/wp-content\/uploads\/2026\/03\/3613d09ac48e2e41c8d0c63477faf977a1fd99b1-600x400.jpg 600w, https:\/\/pawsandpours.es\/wp-content\/uploads\/2026\/03\/3613d09ac48e2e41c8d0c63477faf977a1fd99b1-300x200.jpg 300w, https:\/\/pawsandpours.es\/wp-content\/uploads\/2026\/03\/3613d09ac48e2e41c8d0c63477faf977a1fd99b1-1024x683.jpg 1024w, https:\/\/pawsandpours.es\/wp-content\/uploads\/2026\/03\/3613d09ac48e2e41c8d0c63477faf977a1fd99b1-768x512.jpg 768w, https:\/\/pawsandpours.es\/wp-content\/uploads\/2026\/03\/3613d09ac48e2e41c8d0c63477faf977a1fd99b1-18x12.jpg 18w\" sizes=\"auto, (max-width: 1440px) 100vw, 1440px\" \/><\/figure><div class=\"wp-block-media-text__content\">\n<div class=\"wp-block-group alignwide ext-animate--off has-global-padding is-layout-constrained wp-container-core-group-is-layout-48493932 wp-block-group-is-layout-constrained\" style=\"padding-top:var(--wp--preset--spacing--55);padding-right:var(--wp--preset--spacing--55);padding-bottom:var(--wp--preset--spacing--55);padding-left:var(--wp--preset--spacing--55)\">\n<div class=\"wp-block-contact-form-7-contact-form-selector\">\n<div class=\"wpcf7 no-js\" id=\"wpcf7-f22-o1\" lang=\"es-ES\" dir=\"ltr\" data-wpcf7-id=\"22\">\n<div class=\"screen-reader-response\"><p role=\"status\" aria-live=\"polite\" aria-atomic=\"true\"><\/p> <ul><\/ul><\/div>\n<form action=\"\/en\/wp-json\/wp\/v2\/pages\/30#wpcf7-f22-o1\" method=\"post\" class=\"wpcf7-form init\" aria-label=\"Formulario de contacto\" novalidate=\"novalidate\" data-status=\"init\" data-trp-original-action=\"\/en\/wp-json\/wp\/v2\/pages\/30#wpcf7-f22-o1\">\n<fieldset class=\"hidden-fields-container\"><input type=\"hidden\" name=\"_wpcf7\" value=\"22\" \/><input type=\"hidden\" name=\"_wpcf7_version\" value=\"6.1.5\" \/><input type=\"hidden\" name=\"_wpcf7_locale\" value=\"es_ES\" \/><input type=\"hidden\" name=\"_wpcf7_unit_tag\" value=\"wpcf7-f22-o1\" \/><input type=\"hidden\" name=\"_wpcf7_container_post\" value=\"0\" \/><input type=\"hidden\" name=\"_wpcf7_posted_data_hash\" value=\"\" \/>\n<\/fieldset>\n<p><label> Tu nombre<br \/>\n<span class=\"wpcf7-form-control-wrap\" data-name=\"your-name\"><input size=\"40\" maxlength=\"400\" class=\"wpcf7-form-control wpcf7-text wpcf7-validates-as-required\" autocomplete=\"name\" aria-required=\"true\" aria-invalid=\"false\" value=\"\" type=\"text\" name=\"your-name\" \/><\/span> <\/label>\n<\/p>\n<p><label> Tu correo electr\u00f3nico<br \/>\n<span class=\"wpcf7-form-control-wrap\" data-name=\"your-email\"><input size=\"40\" maxlength=\"400\" class=\"wpcf7-form-control wpcf7-email wpcf7-validates-as-required wpcf7-text wpcf7-validates-as-email\" autocomplete=\"email\" aria-required=\"true\" aria-invalid=\"false\" value=\"\" type=\"email\" name=\"your-email\" \/><\/span> <\/label>\n<\/p>\n<p><label> Asunto<br \/>\n<span class=\"wpcf7-form-control-wrap\" data-name=\"your-subject\"><input size=\"40\" maxlength=\"400\" class=\"wpcf7-form-control wpcf7-text wpcf7-validates-as-required\" aria-required=\"true\" aria-invalid=\"false\" value=\"\" type=\"text\" name=\"your-subject\" \/><\/span> <\/label>\n<\/p>\n<p><label> Tu mensaje (opcional)<br \/>\n<span class=\"wpcf7-form-control-wrap\" data-name=\"your-message\"><textarea cols=\"40\" rows=\"10\" maxlength=\"2000\" class=\"wpcf7-form-control wpcf7-textarea\" aria-invalid=\"false\" name=\"your-message\"><\/textarea><\/span> <\/label>\n<\/p>\n<p><input class=\"wpcf7-form-control wpcf7-submit has-spinner\" type=\"submit\" value=\"Enviar\" \/>\n<\/p><div class=\"wpcf7-response-output\" aria-hidden=\"true\"><\/div>\n<input type=\"hidden\" name=\"trp-form-language\" value=\"en\"\/><\/form>\n<\/div>\n<\/div>\n<\/div>\n<\/div><\/div>\n<\/div>","protected":false},"excerpt":{"rendered":"<p>camisetas &amp; bolsos de algod\u00f3n org\u00e1nico, ediciones limitadas catas con perros &amp; vinos en exclusivo solos para miembros de la comunidad eventos \u00fanicos para los socios de Paws&amp;Pours Club<\/p>","protected":false},"author":1,"featured_media":0,"parent":0,"menu_order":0,"comment_status":"closed","ping_status":"closed","template":"no-title","meta":{"footnotes":""},"class_list":["post-30","page","type-page","status-publish","hentry"],"jetpack_sharing_enabled":true,"_links":{"self":[{"href":"https:\/\/pawsandpours.es\/en\/wp-json\/wp\/v2\/pages\/30","targetHints":{"allow":["GET"]}}],"collection":[{"href":"https:\/\/pawsandpours.es\/en\/wp-json\/wp\/v2\/pages"}],"about":[{"href":"https:\/\/pawsandpours.es\/en\/wp-json\/wp\/v2\/types\/page"}],"author":[{"embeddable":true,"href":"https:\/\/pawsandpours.es\/en\/wp-json\/wp\/v2\/users\/1"}],"replies":[{"embeddable":true,"href":"https:\/\/pawsandpours.es\/en\/wp-json\/wp\/v2\/comments?post=30"}],"version-history":[{"count":12,"href":"https:\/\/pawsandpours.es\/en\/wp-json\/wp\/v2\/pages\/30\/revisions"}],"predecessor-version":[{"id":158,"href":"https:\/\/pawsandpours.es\/en\/wp-json\/wp\/v2\/pages\/30\/revisions\/158"}],"wp:attachment":[{"href":"https:\/\/pawsandpours.es\/en\/wp-json\/wp\/v2\/media?parent=30"}],"curies":[{"name":"wp","href":"https:\/\/api.w.org\/{rel}","templated":true}]}}