{"id":29,"date":"2026-03-19T13:46:55","date_gmt":"2026-03-19T13:46:55","guid":{"rendered":"https:\/\/pawsandpours.es\/sobre\/"},"modified":"2026-04-14T08:15:28","modified_gmt":"2026-04-14T08:15:28","slug":"sobre","status":"publish","type":"page","link":"https:\/\/pawsandpours.es\/en\/sobre\/","title":{"rendered":"Sobre nosotros"},"content":{"rendered":"<div class=\"wp-block-group alignfull is-style-ext-preset--group--natural-1--section has-background-background-color has-background has-global-padding is-layout-constrained wp-block-group-is-layout-constrained\" id=\"about\" style=\"margin-top:0;margin-bottom:0;padding-top:var(--wp--preset--spacing--70);padding-bottom:var(--wp--preset--spacing--70)\">\n<div class=\"wp-block-columns alignwide are-vertically-aligned-center is-layout-flex wp-container-core-columns-is-layout-174606dc wp-block-columns-is-layout-flex\">\n<div class=\"wp-block-column is-vertically-aligned-center is-layout-flow wp-block-column-is-layout-flow\">\n<h2 class=\"wp-block-heading ext-animate--on\">Elegancia y pasi\u00f3n para fan\u00e1ticos del vino y sus perros<\/h2>\n\n\n\n<p class=\"ext-animate--on\" style=\"margin-top:1.5rem\">En <em>Paws&amp;Pours<\/em> creemos que la moda puede tener <strong>alma, prop\u00f3sito y responsabilidad<\/strong>.&nbsp;<\/p>\n\n\n\n<p class=\"ext-animate--on\">Nuestra misi\u00f3n es crear prendas de dise\u00f1o \u00fanico y calidad excepcional, bajo los principios del <em>slow fashion<\/em>, fomentando un consumo m\u00e1s consciente, \u00e9tico y sostenible.&nbsp;<\/p>\n\n\n\n<p class=\"ext-animate--on\">Nuestros productos <strong>est\u00e1n dise\u00f1ados por una sumiller, fabricados en Espa\u00f1a y elaborados con materiales 100 % sostenibles<\/strong>, garantizando una calidad <em>premium<\/em> en cada detalle.<\/p>\n\n\n\n<p class=\"ext-animate--on\">Queremos construir <strong>una comunidad fuerte y cercana <\/strong>de amantes de los perros y del vino,&nbsp;<\/p>\n\n\n\n<p class=\"ext-animate--on\">unida por el gusto por las cosas bien hechas y el respeto por la vida.&nbsp;<\/p>\n\n\n\n<p class=\"ext-animate--on\">Tambi\u00e9n buscamos promover <strong>la cultura del vino<\/strong> desde el conocimiento y el disfrute responsable, apreciando su arte y su historia.<\/p>\n\n\n\n<p class=\"ext-animate--on\">Para nosotros, el vino es una obra de arte, una parte esencial del estilo de vida de nuestros clientes. No se trata de beber por beber, sino de disfrutar con conciencia, cuidado y responsabilidad de una bebida tan simb\u00f3lica y significativa.<\/p>\n\n\n\n<p class=\"ext-animate--on\">Al mismo tiempo, queremos <strong>dar voz a quienes no la tienen: los animales abandonados.<\/strong><\/p>\n\n\n\n<p class=\"ext-animate--on\">Seg\u00fan datos de la Fundaci\u00f3n Affinity, en 2024 <strong>se abandonaron casi 300.000 mascotas en Espa\u00f1a<\/strong>, la mitad de ellas <strong>perros<\/strong> \u2014 en su mayor\u00eda <strong>mestizos o razas de caza como podencos, galgos o bodegueros<\/strong>.&nbsp;<\/p>\n\n\n\n<p class=\"ext-animate--on\">Esta cifra equivale <strong>a 800 animales al d\u00eda, o 33 cada hora<\/strong>, y solo incluye a los que lograron ser rescatados. Por eso, <strong>donamos 1 \u20ac de cada venta<\/strong> a organizaciones que ayudan a estos seres indefensos.&nbsp;<\/p>\n\n\n\n<p class=\"ext-animate--on\" style=\"margin-top:1.5rem\"><strong><em>Cada prenda no solo viste, sino que contribuye a una causa real.<\/em><\/strong><\/p>\n<\/div>\n\n\n\n<div class=\"wp-block-column is-vertically-aligned-center is-layout-flow wp-block-column-is-layout-flow\"><\/div>\n<\/div>\n<\/div>\n\n\n\n<div class=\"wp-block-group alignfull is-style-ext-preset--group--natural-1--section has-tertiary-background-color has-background has-global-padding is-layout-constrained wp-container-core-group-is-layout-e955bbaf wp-block-group-is-layout-constrained\" id=\"features\" style=\"margin-top:0;margin-bottom:0;padding-top:var(--wp--preset--spacing--70);padding-bottom:var(--wp--preset--spacing--70)\">\n<h2 class=\"wp-block-heading has-text-align-center\">Donde el amor por los perros se une con el estilo<\/h2>\n\n\n\n<p class=\"has-text-align-center ext-animate--on\" style=\"margin-top:1.5rem\">Descubre nuestra exclusiva colecci\u00f3n que combina moda neutra y pasi\u00f3n por el vino y los perros, creando piezas \u00fanicas para amantes con estilo.<\/p>\n\n\n\n<div class=\"wp-block-columns alignwide is-layout-flex wp-container-core-columns-is-layout-08c01c1c wp-block-columns-is-layout-flex\">\n<div class=\"wp-block-column is-vertically-aligned-stretch ext-animate--on is-layout-flow wp-container-core-column-is-layout-f5bb311e wp-block-column-is-layout-flow\">\n<div class=\"wp-block-group is-style-ext-preset--group--natural-1--item-card-1--align-center has-global-padding is-layout-constrained wp-block-group-is-layout-constrained is-style-ext-preset--group--natural-1--item-card-1--align-center--3\">\n<div class=\"wp-block-group is-style-default has-global-padding is-layout-constrained wp-block-group-is-layout-constrained\">\n<figure class=\"wp-block-image aligncenter size-large ext-aspect-landscape wp-duotone-primary-foreground\"><img decoding=\"async\" src=\"data:image\/svg+xml;base64,PHN2ZyB4bWxucz0iaHR0cDovL3d3dy53My5vcmcvMjAwMC9zdmciIHdpZHRoPSI0OCIgaGVpZ2h0PSI0OCIgZmlsbD0iIzAwMDAwMCIgdmlld0JveD0iMCAwIDI1NiAyNTYiPjxwYXRoIGQ9Ik0xNzIsNzZhNDQsNDQsMCwxLDAtNDQsNDRBNDQuMDUsNDQuMDUsMCwwLDAsMTcyLDc2Wm0tNDQsMjhhMjgsMjgsMCwxLDEsMjgtMjhBMjgsMjgsMCwwLDEsMTI4LDEwNFptNjAsMjRhNDQsNDQsMCwxLDAsNDQsNDRBNDQuMDUsNDQuMDUsMCwwLDAsMTg4LDEyOFptMCw3MmEyOCwyOCwwLDEsMSwyOC0yOEEyOCwyOCwwLDAsMSwxODgsMjAwWk02OCwxMjhhNDQsNDQsMCwxLDAsNDQsNDRBNDQuMDUsNDQuMDUsMCwwLDAsNjgsMTI4Wm0wLDcyYTI4LDI4LDAsMSwxLDI4LTI4QTI4LDI4LDAsMCwxLDY4LDIwMFoiPjwvcGF0aD48L3N2Zz4=\" alt=\"\" style=\"object-fit:cover\"\/><\/figure>\n\n\n\n<h3 class=\"wp-block-heading has-text-align-center\">Estilo Atemporal<\/h3>\n\n\n\n<p class=\"has-text-align-center\">Prendas y accesorios dise\u00f1ados para combinar con cualquier ocasi\u00f3n, inspirados en la elegancia sutil.<\/p>\n<\/div>\n<\/div>\n<\/div>\n\n\n\n<div class=\"wp-block-column is-vertically-aligned-stretch ext-animate--on is-layout-flow wp-container-core-column-is-layout-f5bb311e wp-block-column-is-layout-flow\">\n<div class=\"wp-block-group is-style-ext-preset--group--natural-1--item-card-1--align-center has-global-padding is-layout-constrained wp-block-group-is-layout-constrained is-style-ext-preset--group--natural-1--item-card-1--align-center--4\">\n<div class=\"wp-block-group is-style-default has-global-padding is-layout-constrained wp-block-group-is-layout-constrained\">\n<figure class=\"wp-block-image aligncenter size-large ext-aspect-landscape wp-duotone-primary-foreground\"><img decoding=\"async\" src=\"data:image\/svg+xml;base64,PHN2ZyB4bWxucz0iaHR0cDovL3d3dy53My5vcmcvMjAwMC9zdmciIHdpZHRoPSI0OCIgaGVpZ2h0PSI0OCIgZmlsbD0iIzAwMDAwMCIgdmlld0JveD0iMCAwIDI1NiAyNTYiPjxwYXRoIGQ9Ik04MCw0MGE0MCw0MCwwLDEsMCw0MCw0MEE0MCw0MCwwLDAsMCw4MCw0MFptMCw2NGEyNCwyNCwwLDEsMSwyNC0yNEEyNCwyNCwwLDAsMSw4MCwxMDRabTk2LDE2YTQwLDQwLDAsMSwwLTQwLTQwQTQwLDQwLDAsMCwwLDE3NiwxMjBabTAtNjRhMjQsMjQsMCwxLDEtMjQsMjRBMjQsMjQsMCwwLDEsMTc2LDU2Wk04MCwxMzZhNDAsNDAsMCwxLDAsNDAsNDBBNDAsNDAsMCwwLDAsODAsMTM2Wm0wLDY0YTI0LDI0LDAsMSwxLDI0LTI0QTI0LDI0LDAsMCwxLDgwLDIwMFptOTYtNjRhNDAsNDAsMCwxLDAsNDAsNDBBNDAsNDAsMCwwLDAsMTc2LDEzNlptMCw2NGEyNCwyNCwwLDEsMSwyNC0yNEEyNCwyNCwwLDAsMSwxNzYsMjAwWiI+PC9wYXRoPjwvc3ZnPg==\" alt=\"\" style=\"object-fit:cover\"\/><\/figure>\n\n\n\n<h3 class=\"wp-block-heading has-text-align-center\">Materiales Premium<\/h3>\n\n\n\n<p class=\"has-text-align-center\">Solo usamos telas de alta calidad para asegurar confort y durabilidad excepcionales.<\/p>\n<\/div>\n<\/div>\n<\/div>\n\n\n\n<div class=\"wp-block-column is-vertically-aligned-stretch ext-animate--on is-layout-flow wp-container-core-column-is-layout-f5bb311e wp-block-column-is-layout-flow\">\n<div class=\"wp-block-group is-style-ext-preset--group--natural-1--item-card-1--align-center has-global-padding is-layout-constrained wp-block-group-is-layout-constrained is-style-ext-preset--group--natural-1--item-card-1--align-center--5\">\n<div class=\"wp-block-group is-style-default has-global-padding is-layout-constrained wp-block-group-is-layout-constrained\">\n<figure class=\"wp-block-image aligncenter size-large ext-aspect-landscape wp-duotone-primary-foreground\"><img decoding=\"async\" src=\"data:image\/svg+xml;base64,PHN2ZyB4bWxucz0iaHR0cDovL3d3dy53My5vcmcvMjAwMC9zdmciIHdpZHRoPSI0OCIgaGVpZ2h0PSI0OCIgZmlsbD0iIzAwMDAwMCIgdmlld0JveD0iMCAwIDI1NiAyNTYiPjxwYXRoIGQ9Ik04MCw0MGE0MCw0MCwwLDEsMCw0MCw0MEE0MCw0MCwwLDAsMCw4MCw0MFptMCw2NGEyNCwyNCwwLDEsMSwyNC0yNEEyNCwyNCwwLDAsMSw4MCwxMDRabTk2LDE2YTQwLDQwLDAsMSwwLTQwLTQwQTQwLDQwLDAsMCwwLDE3NiwxMjBabTAtNjRhMjQsMjQsMCwxLDEtMjQsMjRBMjQsMjQsMCwwLDEsMTc2LDU2Wk04MCwxMzZhNDAsNDAsMCwxLDAsNDAsNDBBNDAsNDAsMCwwLDAsODAsMTM2Wm0wLDY0YTI0LDI0LDAsMSwxLDI0LTI0QTI0LDI0LDAsMCwxLDgwLDIwMFptMTM2LTI0YTgsOCwwLDAsMS04LDhIMTg0djI0YTgsOCwwLDAsMS0xNiwwVjE4NEgxNDRhOCw4LDAsMCwxLDAtMTZoMjRWMTQ0YTgsOCwwLDAsMSwxNiwwdjI0aDI0QTgsOCwwLDAsMSwyMTYsMTc2WiI+PC9wYXRoPjwvc3ZnPg==\" alt=\"\" style=\"object-fit:cover\"\/><\/figure>\n\n\n\n<h3 class=\"wp-block-heading has-text-align-center\">Dise\u00f1o Inspirador<\/h3>\n\n\n\n<p class=\"has-text-align-center\">Cada art\u00edculo refleja la sofisticaci\u00f3n y el amor por los detalles, ideal para quienes valoran lo exclusivo.<\/p>\n<\/div>\n<\/div>\n<\/div>\n<\/div>\n<\/div>","protected":false},"excerpt":{"rendered":"<p>Elegancia y pasi\u00f3n para fan\u00e1ticos del vino y sus perros En Paws&amp;Pours creemos que la moda puede tener alma, prop\u00f3sito y responsabilidad.&nbsp; Nuestra misi\u00f3n es crear prendas de dise\u00f1o \u00fanico y calidad excepcional, bajo los principios del slow fashion, fomentando un consumo m\u00e1s consciente, \u00e9tico y sostenible.&nbsp; Nuestros productos est\u00e1n dise\u00f1ados por una sumiller, fabricados [&hellip;]<\/p>\n","protected":false},"author":1,"featured_media":0,"parent":0,"menu_order":0,"comment_status":"closed","ping_status":"closed","template":"page-with-title","meta":{"footnotes":""},"class_list":["post-29","page","type-page","status-publish","hentry"],"jetpack_sharing_enabled":true,"_links":{"self":[{"href":"https:\/\/pawsandpours.es\/en\/wp-json\/wp\/v2\/pages\/29","targetHints":{"allow":["GET"]}}],"collection":[{"href":"https:\/\/pawsandpours.es\/en\/wp-json\/wp\/v2\/pages"}],"about":[{"href":"https:\/\/pawsandpours.es\/en\/wp-json\/wp\/v2\/types\/page"}],"author":[{"embeddable":true,"href":"https:\/\/pawsandpours.es\/en\/wp-json\/wp\/v2\/users\/1"}],"replies":[{"embeddable":true,"href":"https:\/\/pawsandpours.es\/en\/wp-json\/wp\/v2\/comments?post=29"}],"version-history":[{"count":3,"href":"https:\/\/pawsandpours.es\/en\/wp-json\/wp\/v2\/pages\/29\/revisions"}],"predecessor-version":[{"id":159,"href":"https:\/\/pawsandpours.es\/en\/wp-json\/wp\/v2\/pages\/29\/revisions\/159"}],"wp:attachment":[{"href":"https:\/\/pawsandpours.es\/en\/wp-json\/wp\/v2\/media?parent=29"}],"curies":[{"name":"wp","href":"https:\/\/api.w.org\/{rel}","templated":true}]}}